{"id":27563730,"date":"2025-07-01T07:14:14","date_gmt":"2025-07-01T05:14:14","guid":{"rendered":"https:\/\/four-pack.de\/mentions-legales"},"modified":"2025-10-15T13:22:59","modified_gmt":"2025-10-15T11:22:59","slug":"mentions-legales","status":"publish","type":"page","link":"https:\/\/four-pack.de\/fr\/mentions-legales","title":{"rendered":"Mentions l\u00e9gales"},"content":{"rendered":"<p>[et_pb_section fb_built=\u00a0\u00bb1&Prime; _builder_version=\u00a0\u00bb4.27.4&Prime; _module_preset=\u00a0\u00bbdefault\u00a0\u00bb global_colors_info=\u00a0\u00bb{}\u00a0\u00bb][et_pb_row _builder_version=\u00a0\u00bb4.27.4&Prime; _module_preset=\u00a0\u00bbdefault\u00a0\u00bb width=\u00a0\u00bb90%\u00a0\u00bb max_width=\u00a0\u00bb90%\u00a0\u00bb global_colors_info=\u00a0\u00bb{}\u00a0\u00bb][et_pb_column type=\u00a0\u00bb4_4&Prime; _builder_version=\u00a0\u00bb4.27.4&Prime; _module_preset=\u00a0\u00bbdefault\u00a0\u00bb global_colors_info=\u00a0\u00bb{}\u00a0\u00bb][et_pb_text ol_position=\u00a0\u00bboutside\u00a0\u00bb ol_item_indent=\u00a0\u00bb30px\u00a0\u00bb _builder_version=\u00a0\u00bb4.27.4&Prime; _module_preset=\u00a0\u00bbdefault\u00a0\u00bb text_font_size=\u00a0\u00bb18px\u00a0\u00bb text_line_height=\u00a0\u00bb1.4em\u00a0\u00bb link_text_color=\u00a0\u00bb#000000&Prime; header_font=\u00a0\u00bb|700|||||||\u00a0\u00bb header_text_color=\u00a0\u00bbgcid-9b5fa4f4-d94a-4977-83a3-cebef2b007f8&Prime; header_font_size=\u00a0\u00bb40px\u00a0\u00bb text_font_size_tablet=\u00a0\u00bb18px\u00a0\u00bb text_font_size_phone=\u00a0\u00bb16px\u00a0\u00bb text_font_size_last_edited=\u00a0\u00bbon|phone\u00a0\u00bb link_text_color_tablet=\u00a0\u00bb#000000&Prime; link_text_color_phone=\u00a0\u00bb#000000&Prime; link_text_color_last_edited=\u00a0\u00bbon|desktop\u00a0\u00bb header_font_size_tablet=\u00a0\u00bb30px\u00a0\u00bb header_font_size_phone=\u00a0\u00bb20px\u00a0\u00bb header_font_size_last_edited=\u00a0\u00bbon|phone\u00a0\u00bb locked=\u00a0\u00bboff\u00a0\u00bb global_colors_info=\u00a0\u00bb{%22gcid-9b5fa4f4-d94a-4977-83a3-cebef2b007f8%22:%91%22header_text_color%22,%22link_text_color__hover%22,%22header_text_color%22,%22link_text_color__hover%22%93}\u00a0\u00bb link_text_color__hover_enabled=\u00a0\u00bbon|desktop\u00a0\u00bb link_text_color__hover=\u00a0\u00bb#e84910&Prime;]<\/p>\n<h1 style=\"text-align: left;\">Mentions l\u00e9gales<\/h1>\n<p>Informations conform\u00e9ment au \u00a7 5 TMG :<\/p>\n<p>Four Pack GmbH<br \/>Wiechmannsallee 3<br \/>27798 Hude<\/p>\n<p><strong>Repr\u00e9sent\u00e9 par :<\/strong><br \/>Roland Schoch<\/p>\n<p><strong>Contact :<\/strong><br \/>T\u00e9l\u00e9phone : +49 (0) 4484 \/ 29 99 70<br \/>T\u00e9l\u00e9copie : +49 (0) 4484 \/ 29 99 799<\/p>\n<p>E-mail : info(at)four-pack.de<br \/>Internet : <a href=\"http:\/\/www.four-pack.de\/\">www.four-pack.de<\/a><\/p>\n<p><strong>Inscription au registre :<\/strong><br \/>Inscription au registre du commerce.<br \/>Tribunal de registre : Oldenburg<br \/>Num\u00e9ro de registre : HRB 205716<\/p>\n<p><strong>Num\u00e9ro d\u2019identification TVA :<\/strong><br \/>Num\u00e9ro d\u2019identification TVA conform\u00e9ment au \u00a727 a de la loi sur la taxe sur le chiffre d\u2019affaires : <br \/>DE 276619594<\/p>\n<p><strong>R\u00e9f\u00e9rences des sources pour les images et graphiques utilis\u00e9s :<\/strong><br \/>\n  <a href=\"http:\/\/www.harrykoester.de\/\">http:\/\/www.harrykoester.de\/<\/a><br \/>\n  <br \/>et ???\n<\/p>\n<p><strong>Exclusion de responsabilit\u00e9 :<\/strong><\/p>\n<p><strong>Responsabilit\u00e9 pour les contenus<\/strong><br \/>Les contenus de nos pages ont \u00e9t\u00e9 cr\u00e9\u00e9s avec le plus grand soin. Nous ne pouvons toutefois garantir l\u2019exactitude, l\u2019exhaustivit\u00e9 et l\u2019actualit\u00e9 des contenus. En tant que prestataire de services, nous sommes responsables de nos propres contenus sur ces pages conform\u00e9ment au \u00a7 7 alin\u00e9a 1 TMG et aux lois g\u00e9n\u00e9rales. Conform\u00e9ment aux \u00a7\u00a7 8 \u00e0 10 TMG, nous ne sommes toutefois pas tenus, en tant que prestataire de services, de surveiller les informations transmises ou stock\u00e9es par des tiers, ni de rechercher les circonstances qui indiquent une activit\u00e9 ill\u00e9gale. Les obligations de supprimer ou de bloquer l\u2019utilisation des informations conform\u00e9ment aux lois g\u00e9n\u00e9rales n\u2019en sont pas affect\u00e9es. Une responsabilit\u00e9 \u00e0 cet \u00e9gard n\u2019est toutefois possible qu\u2019\u00e0 partir du moment o\u00f9 l\u2019on a connaissance d\u2019une violation concr\u00e8te de la loi. D\u00e8s que nous aurons connaissance de telles violations de la loi, nous supprimerons imm\u00e9diatement ces contenus.       <\/p>\n<p><strong>Responsabilit\u00e9 pour les liens<\/strong><br \/>Notre offre contient des liens vers des sites web externes de tiers sur le contenu desquels nous n\u2019avons aucune influence. C\u2019est pourquoi nous ne pouvons assumer aucune responsabilit\u00e9 pour ces contenus externes. Le fournisseur ou l\u2019exploitant respectif des pages est toujours responsable du contenu des pages li\u00e9es. Les pages li\u00e9es ont \u00e9t\u00e9 v\u00e9rifi\u00e9es au moment de la cr\u00e9ation du lien afin de d\u00e9tecter d\u2019\u00e9ventuelles violations de la loi. Les contenus ill\u00e9gaux n\u2019\u00e9taient pas reconnaissables au moment de la cr\u00e9ation du lien. Toutefois, un contr\u00f4le permanent du contenu des pages li\u00e9es n\u2019est pas raisonnable sans indication concr\u00e8te d\u2019une violation de la loi. D\u00e8s que nous aurons connaissance de violations de la loi, nous supprimerons imm\u00e9diatement ces liens.      <\/p>\n<p><strong>Droit d\u2019auteur<\/strong><br \/>Les contenus et \u0153uvres cr\u00e9\u00e9s par les exploitants du site sur ces pages sont soumis au droit d\u2019auteur allemand. La reproduction, le traitement, la distribution et toute forme d\u2019exploitation en dehors des limites du droit d\u2019auteur n\u00e9cessitent l\u2019accord \u00e9crit de l\u2019auteur ou du cr\u00e9ateur respectif. Les t\u00e9l\u00e9chargements et copies de cette page ne sont autoris\u00e9s que pour un usage priv\u00e9 et non commercial. Dans la mesure o\u00f9 les contenus de cette page n\u2019ont pas \u00e9t\u00e9 cr\u00e9\u00e9s par l\u2019exploitant, les droits d\u2019auteur de tiers sont respect\u00e9s. En particulier, les contenus de tiers sont signal\u00e9s comme tels. Si vous deviez n\u00e9anmoins constater une violation du droit d\u2019auteur, nous vous prions de nous en informer. D\u00e8s que nous aurons connaissance de violations de la loi, nous supprimerons imm\u00e9diatement ces contenus.      <\/p>\n<p><strong>Protection des donn\u00e9es<\/strong><br \/>L\u2019utilisation de notre site web est g\u00e9n\u00e9ralement possible sans indication de donn\u00e9es personnelles. Dans la mesure o\u00f9 des donn\u00e9es personnelles (par exemple, nom, adresse ou adresses e-mail) sont collect\u00e9es sur nos pages, cela se fait toujours, dans la mesure du possible, sur une base volontaire. Ces donn\u00e9es ne seront pas transmises \u00e0 des tiers sans votre consentement explicite.  <\/p>\n<p>Nous attirons votre attention sur le fait que la transmission de donn\u00e9es sur Internet (par exemple, lors de la communication par e-mail) peut pr\u00e9senter des failles de s\u00e9curit\u00e9. Une protection compl\u00e8te des donn\u00e9es contre l\u2019acc\u00e8s par des tiers n\u2019est pas possible. <\/p>\n<p>L\u2019utilisation par des tiers des donn\u00e9es de contact publi\u00e9es dans le cadre des mentions l\u00e9gales pour l\u2019envoi de publicit\u00e9 et de mat\u00e9riel d\u2019information non express\u00e9ment demand\u00e9s est express\u00e9ment interdite. Les exploitants des pages se r\u00e9servent express\u00e9ment le droit d\u2019engager des poursuites judiciaires en cas d\u2019envoi non sollicit\u00e9 d\u2019informations publicitaires, par exemple par le biais de spams. <\/p>\n<p><strong>D\u00e9claration de protection des donn\u00e9es pour l\u2019utilisation de Google Analytics<\/strong><br \/>Ce site web utilise Google Analytics, un service d\u2019analyse web de Google Inc. (\u00ab Google \u00bb). Google Analytics utilise des \u00ab cookies \u00bb, des fichiers texte qui sont stock\u00e9s sur votre ordinateur et qui permettent d\u2019analyser votre utilisation du site web. Les informations g\u00e9n\u00e9r\u00e9es par le cookie concernant votre utilisation de ce site web sont g\u00e9n\u00e9ralement transmises \u00e0 un serveur de Google aux \u00c9tats-Unis et y sont stock\u00e9es. Toutefois, si l\u2019anonymisation IP est activ\u00e9e sur ce site web, votre adresse IP sera pr\u00e9alablement raccourcie par Google dans les \u00c9tats membres de l\u2019Union europ\u00e9enne ou dans d\u2019autres \u00c9tats signataires de l\u2019accord sur l\u2019Espace \u00e9conomique europ\u00e9en.    <\/p>\n<p>Ce n\u2019est que dans des cas exceptionnels que l\u2019adresse IP compl\u00e8te est transmise \u00e0 un serveur de Google aux \u00c9tats-Unis et y est raccourcie. Sur mandat de l\u2019exploitant de ce site web, Google utilisera ces informations pour \u00e9valuer votre utilisation du site web, pour \u00e9tablir des rapports sur les activit\u00e9s du site web et pour fournir \u00e0 l\u2019exploitant du site web d\u2019autres prestations de services li\u00e9es \u00e0 l\u2019utilisation du site web et \u00e0 l\u2019utilisation d\u2019Internet.  L\u2019adresse IP transmise par votre navigateur dans le cadre de Google Analytics n\u2019est pas fusionn\u00e9e avec d\u2019autres donn\u00e9es de Google.<\/p>\n<p>Vous pouvez emp\u00eacher l\u2019enregistrement des cookies en param\u00e9trant votre logiciel de navigation en cons\u00e9quence ; nous attirons toutefois votre attention sur le fait que, dans ce cas, vous ne pourrez \u00e9ventuellement pas utiliser toutes les fonctions de ce site web dans leur int\u00e9gralit\u00e9. Vous pouvez en outre emp\u00eacher la collecte par Google des donn\u00e9es g\u00e9n\u00e9r\u00e9es par le cookie et relatives \u00e0 votre utilisation du site web (y compris votre adresse IP) ainsi que le traitement de ces donn\u00e9es par Google en t\u00e9l\u00e9chargeant et en installant le plug-in de navigateur disponible sous le lien suivant :<br \/><a href=\"http:\/\/tools.google.com\/dlpage\/gaoptout?hl=de\">http:\/\/tools.google.com\/dlpage\/gaoptout?hl=de<\/a>.<\/p>\n<p><em>R\u00e9f\u00e9rences des sources : <\/em><a href=\"http:\/\/www.e-recht24.de\/muster-disclaimer.htm\"><br \/>\n  <em>Disclaimer eRecht24<\/em><br \/>\n<\/a><em>, <\/em><a href=\"http:\/\/www.e-recht24.de\/intern\/specials\/3413-muster-datenschutzerklaerung.html\"><br \/>\n  <em>D\u00e9claration de protection des donn\u00e9es pour Google Analytics<\/em><br \/>\n<\/a><\/p>\n<p><strong>Concept, design et r\u00e9alisation :<\/strong><br \/>the adstore<\/p>\n<p><strong>Images : <\/strong><br \/>Harry K\u00f6ster Fotografie<br \/>Schmiedeweg 5<br \/>26135 Oldenburg<br \/><a href=\"http:\/\/www.harrykoester.de\/\">www.harrykoester.de<\/a><\/p>\n<p><strong>Four Pack GmbH<\/strong><\/p>\n<p>Wiechmannsallee 3<br \/>D-27798 Hude<\/p>\n<p>T\u00e9l. : +49 (0) 4484 \/ 29 99 70<br \/>Fax : +49 (0) 4484 \/ 29 99 799<\/p>\n<p>E-mail : info(at)four-pack.de<\/p>\n<p>[\/et_pb_text][\/et_pb_column][\/et_pb_row][\/et_pb_section]<\/p>\n","protected":false},"excerpt":{"rendered":"<p>Mentions l\u00e9gales Informations conform\u00e9ment au \u00a7 5 TMG : Four Pack GmbHWiechmannsallee 327798 Hude Repr\u00e9sent\u00e9 par :Roland Schoch Contact :T\u00e9l\u00e9phone : +49 (0) 4484 \/ 29 99 70T\u00e9l\u00e9copie : +49 (0) 4484 \/ 29 99 799 E-mail : info(at)four-pack.deInternet : www.four-pack.de Inscription au registre :Inscription au registre du commerce.Tribunal de registre : OldenburgNum\u00e9ro de registre [&hellip;]<\/p>\n","protected":false},"author":1,"featured_media":0,"parent":0,"menu_order":0,"comment_status":"closed","ping_status":"closed","template":"","meta":{"_acf_changed":false,"_et_pb_use_builder":"on","_et_pb_old_content":"","_et_gb_content_width":"","footnotes":""},"dipi_cpt_category":[],"class_list":["post-27563730","page","type-page","status-publish","hentry"],"acf":[],"yoast_head":"<!-- This site is optimized with the Yoast SEO plugin v27.4 - https:\/\/yoast.com\/product\/yoast-seo-wordpress\/ -->\n<title>FOUR PACK - Mentions l\u00e9gales<\/title>\n<meta name=\"description\" content=\"Mentions l\u00e9gales de FOUR PACK GmbH.\" \/>\n<meta name=\"robots\" content=\"noindex, follow, max-snippet:-1, max-image-preview:large, max-video-preview:-1\" \/>\n<meta property=\"og:locale\" content=\"fr_FR\" \/>\n<meta property=\"og:type\" content=\"article\" \/>\n<meta property=\"og:title\" content=\"FOUR PACK - Mentions l\u00e9gales\" \/>\n<meta property=\"og:description\" content=\"Mentions l\u00e9gales de FOUR PACK GmbH.\" \/>\n<meta property=\"og:site_name\" content=\"FOUR PACK\" \/>\n<meta property=\"article:modified_time\" content=\"2025-10-15T11:22:59+00:00\" \/>\n<meta name=\"twitter:card\" content=\"summary_large_image\" \/>\n<meta name=\"twitter:label1\" content=\"Dur\u00e9e de lecture estim\u00e9e\" \/>\n\t<meta name=\"twitter:data1\" content=\"7 minutes\" \/>\n<script type=\"application\/ld+json\" class=\"yoast-schema-graph\">{\"@context\":\"https:\\\/\\\/schema.org\",\"@graph\":[{\"@type\":\"WebPage\",\"@id\":\"https:\\\/\\\/four-pack.de\\\/fr\\\/mentions-legales\",\"url\":\"https:\\\/\\\/four-pack.de\\\/fr\\\/mentions-legales\",\"name\":\"FOUR PACK - Mentions l\u00e9gales\",\"isPartOf\":{\"@id\":\"https:\\\/\\\/four-pack.de\\\/fr#website\"},\"datePublished\":\"2025-07-01T05:14:14+00:00\",\"dateModified\":\"2025-10-15T11:22:59+00:00\",\"description\":\"Mentions l\u00e9gales de FOUR PACK GmbH.\",\"breadcrumb\":{\"@id\":\"https:\\\/\\\/four-pack.de\\\/fr\\\/mentions-legales#breadcrumb\"},\"inLanguage\":\"fr-FR\",\"potentialAction\":[{\"@type\":\"ReadAction\",\"target\":[\"https:\\\/\\\/four-pack.de\\\/fr\\\/mentions-legales\"]}]},{\"@type\":\"BreadcrumbList\",\"@id\":\"https:\\\/\\\/four-pack.de\\\/fr\\\/mentions-legales#breadcrumb\",\"itemListElement\":[{\"@type\":\"ListItem\",\"position\":1,\"name\":\"Startseite\",\"item\":\"https:\\\/\\\/four-pack.de\\\/fr\\\/accueil\"},{\"@type\":\"ListItem\",\"position\":2,\"name\":\"Mentions l\u00e9gales\"}]},{\"@type\":\"WebSite\",\"@id\":\"https:\\\/\\\/four-pack.de\\\/fr#website\",\"url\":\"https:\\\/\\\/four-pack.de\\\/fr\",\"name\":\"FOUR PACK\",\"description\":\"Lager- und Verpackungssysteme\",\"publisher\":{\"@id\":\"https:\\\/\\\/four-pack.de\\\/fr#organization\"},\"potentialAction\":[{\"@type\":\"SearchAction\",\"target\":{\"@type\":\"EntryPoint\",\"urlTemplate\":\"https:\\\/\\\/four-pack.de\\\/fr?s={search_term_string}\"},\"query-input\":{\"@type\":\"PropertyValueSpecification\",\"valueRequired\":true,\"valueName\":\"search_term_string\"}}],\"inLanguage\":\"fr-FR\"},{\"@type\":\"Organization\",\"@id\":\"https:\\\/\\\/four-pack.de\\\/fr#organization\",\"name\":\"FOUR PACK\",\"url\":\"https:\\\/\\\/four-pack.de\\\/fr\",\"logo\":{\"@type\":\"ImageObject\",\"inLanguage\":\"fr-FR\",\"@id\":\"https:\\\/\\\/four-pack.de\\\/fr#\\\/schema\\\/logo\\\/image\\\/\",\"url\":\"https:\\\/\\\/four-pack.de\\\/wp-content\\\/uploads\\\/2025\\\/04\\\/FP_Four-Pack_Logo_black.png\",\"contentUrl\":\"https:\\\/\\\/four-pack.de\\\/wp-content\\\/uploads\\\/2025\\\/04\\\/FP_Four-Pack_Logo_black.png\",\"width\":996,\"height\":375,\"caption\":\"FOUR PACK\"},\"image\":{\"@id\":\"https:\\\/\\\/four-pack.de\\\/fr#\\\/schema\\\/logo\\\/image\\\/\"},\"sameAs\":[\"https:\\\/\\\/www.linkedin.com\\\/company\\\/four-pack-gmbh\\\/\"]}]}<\/script>\n<!-- \/ Yoast SEO plugin. -->","yoast_head_json":{"title":"FOUR PACK - Mentions l\u00e9gales","description":"Mentions l\u00e9gales de FOUR PACK GmbH.","robots":{"index":"noindex","follow":"follow","max-snippet":"max-snippet:-1","max-image-preview":"max-image-preview:large","max-video-preview":"max-video-preview:-1"},"og_locale":"fr_FR","og_type":"article","og_title":"FOUR PACK - Mentions l\u00e9gales","og_description":"Mentions l\u00e9gales de FOUR PACK GmbH.","og_site_name":"FOUR PACK","article_modified_time":"2025-10-15T11:22:59+00:00","twitter_card":"summary_large_image","twitter_misc":{"Dur\u00e9e de lecture estim\u00e9e":"7 minutes"},"schema":{"@context":"https:\/\/schema.org","@graph":[{"@type":"WebPage","@id":"https:\/\/four-pack.de\/fr\/mentions-legales","url":"https:\/\/four-pack.de\/fr\/mentions-legales","name":"FOUR PACK - Mentions l\u00e9gales","isPartOf":{"@id":"https:\/\/four-pack.de\/fr#website"},"datePublished":"2025-07-01T05:14:14+00:00","dateModified":"2025-10-15T11:22:59+00:00","description":"Mentions l\u00e9gales de FOUR PACK GmbH.","breadcrumb":{"@id":"https:\/\/four-pack.de\/fr\/mentions-legales#breadcrumb"},"inLanguage":"fr-FR","potentialAction":[{"@type":"ReadAction","target":["https:\/\/four-pack.de\/fr\/mentions-legales"]}]},{"@type":"BreadcrumbList","@id":"https:\/\/four-pack.de\/fr\/mentions-legales#breadcrumb","itemListElement":[{"@type":"ListItem","position":1,"name":"Startseite","item":"https:\/\/four-pack.de\/fr\/accueil"},{"@type":"ListItem","position":2,"name":"Mentions l\u00e9gales"}]},{"@type":"WebSite","@id":"https:\/\/four-pack.de\/fr#website","url":"https:\/\/four-pack.de\/fr","name":"FOUR PACK","description":"Lager- und Verpackungssysteme","publisher":{"@id":"https:\/\/four-pack.de\/fr#organization"},"potentialAction":[{"@type":"SearchAction","target":{"@type":"EntryPoint","urlTemplate":"https:\/\/four-pack.de\/fr?s={search_term_string}"},"query-input":{"@type":"PropertyValueSpecification","valueRequired":true,"valueName":"search_term_string"}}],"inLanguage":"fr-FR"},{"@type":"Organization","@id":"https:\/\/four-pack.de\/fr#organization","name":"FOUR PACK","url":"https:\/\/four-pack.de\/fr","logo":{"@type":"ImageObject","inLanguage":"fr-FR","@id":"https:\/\/four-pack.de\/fr#\/schema\/logo\/image\/","url":"https:\/\/four-pack.de\/wp-content\/uploads\/2025\/04\/FP_Four-Pack_Logo_black.png","contentUrl":"https:\/\/four-pack.de\/wp-content\/uploads\/2025\/04\/FP_Four-Pack_Logo_black.png","width":996,"height":375,"caption":"FOUR PACK"},"image":{"@id":"https:\/\/four-pack.de\/fr#\/schema\/logo\/image\/"},"sameAs":["https:\/\/www.linkedin.com\/company\/four-pack-gmbh\/"]}]}},"_links":{"self":[{"href":"https:\/\/four-pack.de\/fr\/wp-json\/wp\/v2\/pages\/27563730","targetHints":{"allow":["GET"]}}],"collection":[{"href":"https:\/\/four-pack.de\/fr\/wp-json\/wp\/v2\/pages"}],"about":[{"href":"https:\/\/four-pack.de\/fr\/wp-json\/wp\/v2\/types\/page"}],"author":[{"embeddable":true,"href":"https:\/\/four-pack.de\/fr\/wp-json\/wp\/v2\/users\/1"}],"replies":[{"embeddable":true,"href":"https:\/\/four-pack.de\/fr\/wp-json\/wp\/v2\/comments?post=27563730"}],"version-history":[{"count":0,"href":"https:\/\/four-pack.de\/fr\/wp-json\/wp\/v2\/pages\/27563730\/revisions"}],"wp:attachment":[{"href":"https:\/\/four-pack.de\/fr\/wp-json\/wp\/v2\/media?parent=27563730"}],"wp:term":[{"taxonomy":"dipi_cpt_category","embeddable":true,"href":"https:\/\/four-pack.de\/fr\/wp-json\/wp\/v2\/dipi_cpt_category?post=27563730"}],"curies":[{"name":"wp","href":"https:\/\/api.w.org\/{rel}","templated":true}]}}