{"id":27564072,"date":"2025-10-02T13:44:53","date_gmt":"2025-10-02T11:44:53","guid":{"rendered":"https:\/\/four-pack.de\/declaration-daccessibilite"},"modified":"2025-10-30T11:47:42","modified_gmt":"2025-10-30T09:47:42","slug":"declaration-daccessibilite","status":"publish","type":"page","link":"https:\/\/four-pack.de\/fr\/declaration-daccessibilite","title":{"rendered":"D\u00e9claration d&rsquo;accessibilit\u00e9"},"content":{"rendered":"<p>[et_pb_section fb_built=\u00a0\u00bb1&Prime; _builder_version=\u00a0\u00bb4.27.4&Prime; _module_preset=\u00a0\u00bbdefault\u00a0\u00bb global_colors_info=\u00a0\u00bb{}\u00a0\u00bb][et_pb_row _builder_version=\u00a0\u00bb4.27.4&Prime; _module_preset=\u00a0\u00bbdefault\u00a0\u00bb width=\u00a0\u00bb90%\u00a0\u00bb max_width=\u00a0\u00bb90%\u00a0\u00bb global_colors_info=\u00a0\u00bb{}\u00a0\u00bb][et_pb_column type=\u00a0\u00bb4_4&Prime; _builder_version=\u00a0\u00bb4.27.4&Prime; _module_preset=\u00a0\u00bbdefault\u00a0\u00bb global_colors_info=\u00a0\u00bb{}\u00a0\u00bb][et_pb_text ol_position=\u00a0\u00bboutside\u00a0\u00bb ol_item_indent=\u00a0\u00bb30px\u00a0\u00bb _builder_version=\u00a0\u00bb4.27.4&Prime; _module_preset=\u00a0\u00bbdefault\u00a0\u00bb text_font_size=\u00a0\u00bb18px\u00a0\u00bb text_line_height=\u00a0\u00bb1.4em\u00a0\u00bb link_text_color=\u00a0\u00bb#000000&Prime; header_font=\u00a0\u00bb|700|||||||\u00a0\u00bb header_text_color=\u00a0\u00bbgcid-9b5fa4f4-d94a-4977-83a3-cebef2b007f8&Prime; header_font_size=\u00a0\u00bb40px\u00a0\u00bb header_2_font=\u00a0\u00bb|600|||||||\u00a0\u00bb header_2_font_size=\u00a0\u00bb22px\u00a0\u00bb header_3_font=\u00a0\u00bb|600|||||||\u00a0\u00bb text_font_size_tablet=\u00a0\u00bb18px\u00a0\u00bb text_font_size_phone=\u00a0\u00bb16px\u00a0\u00bb text_font_size_last_edited=\u00a0\u00bbon|phone\u00a0\u00bb link_text_color_tablet=\u00a0\u00bb#000000&Prime; link_text_color_phone=\u00a0\u00bb#000000&Prime; link_text_color_last_edited=\u00a0\u00bbon|desktop\u00a0\u00bb header_font_size_tablet=\u00a0\u00bb30px\u00a0\u00bb header_font_size_phone=\u00a0\u00bb20px\u00a0\u00bb header_font_size_last_edited=\u00a0\u00bbon|phone\u00a0\u00bb header_2_font_size_tablet=\u00a0\u00bb20px\u00a0\u00bb header_2_font_size_phone=\u00a0\u00bb18px\u00a0\u00bb header_2_font_size_last_edited=\u00a0\u00bbon|desktop\u00a0\u00bb header_3_font_size_tablet=\u00a0\u00bb20px\u00a0\u00bb header_3_font_size_phone=\u00a0\u00bb18px\u00a0\u00bb header_3_font_size_last_edited=\u00a0\u00bbon|phone\u00a0\u00bb locked=\u00a0\u00bboff\u00a0\u00bb global_colors_info=\u00a0\u00bb{%22gcid-9b5fa4f4-d94a-4977-83a3-cebef2b007f8%22:%91%22header_text_color%22,%22link_text_color__hover%22,%22header_text_color%22,%22link_text_color__hover%22%93}\u00a0\u00bb link_text_color__hover_enabled=\u00a0\u00bbon|desktop\u00a0\u00bb link_text_color__hover=\u00a0\u00bb#e84910&Prime;]<\/p>\n<h1 style=\"text-align: left;\">D\u00e9claration d&rsquo;accessibilit\u00e9<\/h1>\n<h2>Accessibilit\u00e9<\/h2>\n<p>Nous tenons \u00e0 ce que notre site soit accessible \u00e0 tous, ind\u00e9pendamment de tout handicap physique ou technique.<\/p>\n<h2>\u00c9tat de la compatibilit\u00e9 avec les exigences<\/h2>\n<p>Ce site Web a \u00e9t\u00e9 d\u00e9velopp\u00e9 sur la base des directives pour l&rsquo;accessibilit\u00e9 aux contenus Web (WCAG 2.1, niveau de conformit\u00e9 AA) et de l&rsquo;ordonnance sur les technologies de l&rsquo;information sans barri\u00e8re (BITV 2.0). La plupart des exigences sont respect\u00e9es. <\/p>\n<h2>Restrictions connues<\/h2>\n<p>Malgr\u00e9 les efforts consid\u00e9rables d\u00e9ploy\u00e9s en mati\u00e8re d&rsquo;accessibilit\u00e9, des divergences peuvent exister dans les domaines suivants :<\/p>\n<p><strong>Contrastes :<\/strong> certaines combinaisons de couleurs (blanc sur orange \/ orange sur blanc) n&rsquo;atteignent pas le contraste minimum requis par les WCAG. Ce design suit les directives obligatoires de l&rsquo;entreprise en mati\u00e8re de design d&rsquo;entreprise et peut repr\u00e9senter une restriction, en particulier pour les utilisateurs ayant des probl\u00e8mes de vue. <\/p>\n<p><strong>Contenu de la vid\u00e9o :<\/strong> La vid\u00e9o \u00ab\u00a0\u00c0 propos de nous\u00a0\u00bb int\u00e9gr\u00e9e n&rsquo;est actuellement pas sous-titr\u00e9e. Une version accessible avec sous-titres sera mise \u00e0 jour. <\/p>\n<h2>Mise en \u0153uvre technique<\/h2>\n<ul>\n<li>Tous les formulaires contiennent des \u00e9tiquettes descriptives, des notes et des attributs ARIA.<\/li>\n<li>Les fichiers PDF sont, dans la mesure o\u00f9 cela est techniquement possible, dot\u00e9s d&rsquo;un contenu structur\u00e9 pour les lecteurs d&rsquo;\u00e9cran.<\/li>\n<li>Les images contiennent des textes alternatifs ou sont marqu\u00e9es comme d\u00e9coratives.<\/li>\n<li>La structure des pages suit une hi\u00e9rarchie logique (H1-H6).<\/li>\n<li>Le site Web est en principe utilisable au clavier et avec un lecteur d&rsquo;\u00e9cran.<\/li>\n<\/ul>\n<h3>V\u00e9rification de l&rsquo;accessibilit\u00e9<\/h3>\n<p>Le site a \u00e9t\u00e9 v\u00e9rifi\u00e9 \u00e0 l&rsquo;aide des outils suivants :<\/p>\n<ul>\n<li>Outil WAVE WebAIM<\/li>\n<li>experte.fr Test d&rsquo;accessibilit\u00e9<\/li>\n<li>Audit Google Lighthouse<\/li>\n<\/ul>\n<h3>Commentaires et contact<\/h3>\n<p>Si vous rencontrez des obstacles ou si vous avez des suggestions d&rsquo;am\u00e9lioration, veuillez nous envoyer un e-mail \u00e0 : info@four-pack.de<\/p>\n<p>Nous nous effor\u00e7ons d&rsquo;examiner et de mettre en \u0153uvre rapidement les remarques re\u00e7ues.<\/p>\n<p>[\/et_pb_text][\/et_pb_column][\/et_pb_row][\/et_pb_section]<\/p>\n","protected":false},"excerpt":{"rendered":"<p>D\u00e9claration d&rsquo;accessibilit\u00e9 Accessibilit\u00e9 Nous tenons \u00e0 ce que notre site soit accessible \u00e0 tous, ind\u00e9pendamment de tout handicap physique ou technique. \u00c9tat de la compatibilit\u00e9 avec les exigences Ce site Web a \u00e9t\u00e9 d\u00e9velopp\u00e9 sur la base des directives pour l&rsquo;accessibilit\u00e9 aux contenus Web (WCAG 2.1, niveau de conformit\u00e9 AA) et de l&rsquo;ordonnance sur les [&hellip;]<\/p>\n","protected":false},"author":1,"featured_media":27564061,"parent":0,"menu_order":0,"comment_status":"closed","ping_status":"closed","template":"","meta":{"_acf_changed":false,"_et_pb_use_builder":"on","_et_pb_old_content":"","_et_gb_content_width":"","footnotes":""},"dipi_cpt_category":[],"class_list":["post-27564072","page","type-page","status-publish","has-post-thumbnail","hentry"],"acf":[],"yoast_head":"<!-- This site is optimized with the Yoast SEO plugin v27.4 - https:\/\/yoast.com\/product\/yoast-seo-wordpress\/ -->\n<title>FOUR PACK - D\u00e9claration d&#039;accessibilit\u00e9<\/title>\n<meta name=\"description\" content=\"D\u00e9claration d&#039;accessibilit\u00e9 de FOUR PACK GmbH. Informations sur l&#039;accessibilit\u00e9, les restrictions connues et les mesures d&#039;am\u00e9lioration.\" \/>\n<meta name=\"robots\" content=\"noindex, follow, max-snippet:-1, max-image-preview:large, max-video-preview:-1\" \/>\n<meta property=\"og:locale\" content=\"fr_FR\" \/>\n<meta property=\"og:type\" content=\"article\" \/>\n<meta property=\"og:title\" content=\"FOUR PACK - D\u00e9claration d&#039;accessibilit\u00e9\" \/>\n<meta property=\"og:description\" content=\"D\u00e9claration d&#039;accessibilit\u00e9 de FOUR PACK GmbH. Informations sur l&#039;accessibilit\u00e9, les restrictions connues et les mesures d&#039;am\u00e9lioration.\" \/>\n<meta property=\"og:site_name\" content=\"FOUR PACK\" \/>\n<meta property=\"article:modified_time\" content=\"2025-10-30T09:47:42+00:00\" \/>\n<meta property=\"og:image\" content=\"https:\/\/four-pack.de\/wp-content\/uploads\/2025\/07\/FourPack-Verpackungen-loesungen-home-1.png\" \/>\n\t<meta property=\"og:image:width\" content=\"2000\" \/>\n\t<meta property=\"og:image:height\" content=\"850\" \/>\n\t<meta property=\"og:image:type\" content=\"image\/png\" \/>\n<meta name=\"twitter:card\" content=\"summary_large_image\" \/>\n<meta name=\"twitter:label1\" content=\"Dur\u00e9e de lecture estim\u00e9e\" \/>\n\t<meta name=\"twitter:data1\" content=\"3 minutes\" \/>\n<script type=\"application\/ld+json\" class=\"yoast-schema-graph\">{\"@context\":\"https:\\\/\\\/schema.org\",\"@graph\":[{\"@type\":\"WebPage\",\"@id\":\"https:\\\/\\\/four-pack.de\\\/fr\\\/declaration-daccessibilite\",\"url\":\"https:\\\/\\\/four-pack.de\\\/fr\\\/declaration-daccessibilite\",\"name\":\"FOUR PACK - D\u00e9claration d'accessibilit\u00e9\",\"isPartOf\":{\"@id\":\"https:\\\/\\\/four-pack.de\\\/fr#website\"},\"primaryImageOfPage\":{\"@id\":\"https:\\\/\\\/four-pack.de\\\/fr\\\/declaration-daccessibilite#primaryimage\"},\"image\":{\"@id\":\"https:\\\/\\\/four-pack.de\\\/fr\\\/declaration-daccessibilite#primaryimage\"},\"thumbnailUrl\":\"https:\\\/\\\/four-pack.de\\\/wp-content\\\/uploads\\\/2025\\\/07\\\/FourPack-Verpackungen-loesungen-home-1.png\",\"datePublished\":\"2025-10-02T11:44:53+00:00\",\"dateModified\":\"2025-10-30T09:47:42+00:00\",\"description\":\"D\u00e9claration d'accessibilit\u00e9 de FOUR PACK GmbH. Informations sur l'accessibilit\u00e9, les restrictions connues et les mesures d'am\u00e9lioration.\",\"breadcrumb\":{\"@id\":\"https:\\\/\\\/four-pack.de\\\/fr\\\/declaration-daccessibilite#breadcrumb\"},\"inLanguage\":\"fr-FR\",\"potentialAction\":[{\"@type\":\"ReadAction\",\"target\":[\"https:\\\/\\\/four-pack.de\\\/fr\\\/declaration-daccessibilite\"]}]},{\"@type\":\"ImageObject\",\"inLanguage\":\"fr-FR\",\"@id\":\"https:\\\/\\\/four-pack.de\\\/fr\\\/declaration-daccessibilite#primaryimage\",\"url\":\"https:\\\/\\\/four-pack.de\\\/wp-content\\\/uploads\\\/2025\\\/07\\\/FourPack-Verpackungen-loesungen-home-1.png\",\"contentUrl\":\"https:\\\/\\\/four-pack.de\\\/wp-content\\\/uploads\\\/2025\\\/07\\\/FourPack-Verpackungen-loesungen-home-1.png\",\"width\":2000,\"height\":850,\"caption\":\"Conteneur de transport argent\u00e9 avec fa\u00e7ade orange et logo FOUR PACK dans un hall industriel.\"},{\"@type\":\"BreadcrumbList\",\"@id\":\"https:\\\/\\\/four-pack.de\\\/fr\\\/declaration-daccessibilite#breadcrumb\",\"itemListElement\":[{\"@type\":\"ListItem\",\"position\":1,\"name\":\"Startseite\",\"item\":\"https:\\\/\\\/four-pack.de\\\/fr\\\/accueil\"},{\"@type\":\"ListItem\",\"position\":2,\"name\":\"D\u00e9claration d&#8217;accessibilit\u00e9\"}]},{\"@type\":\"WebSite\",\"@id\":\"https:\\\/\\\/four-pack.de\\\/fr#website\",\"url\":\"https:\\\/\\\/four-pack.de\\\/fr\",\"name\":\"FOUR PACK\",\"description\":\"Lager- und Verpackungssysteme\",\"publisher\":{\"@id\":\"https:\\\/\\\/four-pack.de\\\/fr#organization\"},\"potentialAction\":[{\"@type\":\"SearchAction\",\"target\":{\"@type\":\"EntryPoint\",\"urlTemplate\":\"https:\\\/\\\/four-pack.de\\\/fr?s={search_term_string}\"},\"query-input\":{\"@type\":\"PropertyValueSpecification\",\"valueRequired\":true,\"valueName\":\"search_term_string\"}}],\"inLanguage\":\"fr-FR\"},{\"@type\":\"Organization\",\"@id\":\"https:\\\/\\\/four-pack.de\\\/fr#organization\",\"name\":\"FOUR PACK\",\"url\":\"https:\\\/\\\/four-pack.de\\\/fr\",\"logo\":{\"@type\":\"ImageObject\",\"inLanguage\":\"fr-FR\",\"@id\":\"https:\\\/\\\/four-pack.de\\\/fr#\\\/schema\\\/logo\\\/image\\\/\",\"url\":\"https:\\\/\\\/four-pack.de\\\/wp-content\\\/uploads\\\/2025\\\/04\\\/FP_Four-Pack_Logo_black.png\",\"contentUrl\":\"https:\\\/\\\/four-pack.de\\\/wp-content\\\/uploads\\\/2025\\\/04\\\/FP_Four-Pack_Logo_black.png\",\"width\":996,\"height\":375,\"caption\":\"FOUR PACK\"},\"image\":{\"@id\":\"https:\\\/\\\/four-pack.de\\\/fr#\\\/schema\\\/logo\\\/image\\\/\"},\"sameAs\":[\"https:\\\/\\\/www.linkedin.com\\\/company\\\/four-pack-gmbh\\\/\"]}]}<\/script>\n<!-- \/ Yoast SEO plugin. -->","yoast_head_json":{"title":"FOUR PACK - D\u00e9claration d'accessibilit\u00e9","description":"D\u00e9claration d'accessibilit\u00e9 de FOUR PACK GmbH. Informations sur l'accessibilit\u00e9, les restrictions connues et les mesures d'am\u00e9lioration.","robots":{"index":"noindex","follow":"follow","max-snippet":"max-snippet:-1","max-image-preview":"max-image-preview:large","max-video-preview":"max-video-preview:-1"},"og_locale":"fr_FR","og_type":"article","og_title":"FOUR PACK - D\u00e9claration d'accessibilit\u00e9","og_description":"D\u00e9claration d'accessibilit\u00e9 de FOUR PACK GmbH. Informations sur l'accessibilit\u00e9, les restrictions connues et les mesures d'am\u00e9lioration.","og_site_name":"FOUR PACK","article_modified_time":"2025-10-30T09:47:42+00:00","og_image":[{"width":2000,"height":850,"url":"https:\/\/four-pack.de\/wp-content\/uploads\/2025\/07\/FourPack-Verpackungen-loesungen-home-1.png","type":"image\/png"}],"twitter_card":"summary_large_image","twitter_misc":{"Dur\u00e9e de lecture estim\u00e9e":"3 minutes"},"schema":{"@context":"https:\/\/schema.org","@graph":[{"@type":"WebPage","@id":"https:\/\/four-pack.de\/fr\/declaration-daccessibilite","url":"https:\/\/four-pack.de\/fr\/declaration-daccessibilite","name":"FOUR PACK - D\u00e9claration d'accessibilit\u00e9","isPartOf":{"@id":"https:\/\/four-pack.de\/fr#website"},"primaryImageOfPage":{"@id":"https:\/\/four-pack.de\/fr\/declaration-daccessibilite#primaryimage"},"image":{"@id":"https:\/\/four-pack.de\/fr\/declaration-daccessibilite#primaryimage"},"thumbnailUrl":"https:\/\/four-pack.de\/wp-content\/uploads\/2025\/07\/FourPack-Verpackungen-loesungen-home-1.png","datePublished":"2025-10-02T11:44:53+00:00","dateModified":"2025-10-30T09:47:42+00:00","description":"D\u00e9claration d'accessibilit\u00e9 de FOUR PACK GmbH. Informations sur l'accessibilit\u00e9, les restrictions connues et les mesures d'am\u00e9lioration.","breadcrumb":{"@id":"https:\/\/four-pack.de\/fr\/declaration-daccessibilite#breadcrumb"},"inLanguage":"fr-FR","potentialAction":[{"@type":"ReadAction","target":["https:\/\/four-pack.de\/fr\/declaration-daccessibilite"]}]},{"@type":"ImageObject","inLanguage":"fr-FR","@id":"https:\/\/four-pack.de\/fr\/declaration-daccessibilite#primaryimage","url":"https:\/\/four-pack.de\/wp-content\/uploads\/2025\/07\/FourPack-Verpackungen-loesungen-home-1.png","contentUrl":"https:\/\/four-pack.de\/wp-content\/uploads\/2025\/07\/FourPack-Verpackungen-loesungen-home-1.png","width":2000,"height":850,"caption":"Conteneur de transport argent\u00e9 avec fa\u00e7ade orange et logo FOUR PACK dans un hall industriel."},{"@type":"BreadcrumbList","@id":"https:\/\/four-pack.de\/fr\/declaration-daccessibilite#breadcrumb","itemListElement":[{"@type":"ListItem","position":1,"name":"Startseite","item":"https:\/\/four-pack.de\/fr\/accueil"},{"@type":"ListItem","position":2,"name":"D\u00e9claration d&#8217;accessibilit\u00e9"}]},{"@type":"WebSite","@id":"https:\/\/four-pack.de\/fr#website","url":"https:\/\/four-pack.de\/fr","name":"FOUR PACK","description":"Lager- und Verpackungssysteme","publisher":{"@id":"https:\/\/four-pack.de\/fr#organization"},"potentialAction":[{"@type":"SearchAction","target":{"@type":"EntryPoint","urlTemplate":"https:\/\/four-pack.de\/fr?s={search_term_string}"},"query-input":{"@type":"PropertyValueSpecification","valueRequired":true,"valueName":"search_term_string"}}],"inLanguage":"fr-FR"},{"@type":"Organization","@id":"https:\/\/four-pack.de\/fr#organization","name":"FOUR PACK","url":"https:\/\/four-pack.de\/fr","logo":{"@type":"ImageObject","inLanguage":"fr-FR","@id":"https:\/\/four-pack.de\/fr#\/schema\/logo\/image\/","url":"https:\/\/four-pack.de\/wp-content\/uploads\/2025\/04\/FP_Four-Pack_Logo_black.png","contentUrl":"https:\/\/four-pack.de\/wp-content\/uploads\/2025\/04\/FP_Four-Pack_Logo_black.png","width":996,"height":375,"caption":"FOUR PACK"},"image":{"@id":"https:\/\/four-pack.de\/fr#\/schema\/logo\/image\/"},"sameAs":["https:\/\/www.linkedin.com\/company\/four-pack-gmbh\/"]}]}},"_links":{"self":[{"href":"https:\/\/four-pack.de\/fr\/wp-json\/wp\/v2\/pages\/27564072","targetHints":{"allow":["GET"]}}],"collection":[{"href":"https:\/\/four-pack.de\/fr\/wp-json\/wp\/v2\/pages"}],"about":[{"href":"https:\/\/four-pack.de\/fr\/wp-json\/wp\/v2\/types\/page"}],"author":[{"embeddable":true,"href":"https:\/\/four-pack.de\/fr\/wp-json\/wp\/v2\/users\/1"}],"replies":[{"embeddable":true,"href":"https:\/\/four-pack.de\/fr\/wp-json\/wp\/v2\/comments?post=27564072"}],"version-history":[{"count":4,"href":"https:\/\/four-pack.de\/fr\/wp-json\/wp\/v2\/pages\/27564072\/revisions"}],"predecessor-version":[{"id":27564441,"href":"https:\/\/four-pack.de\/fr\/wp-json\/wp\/v2\/pages\/27564072\/revisions\/27564441"}],"wp:featuredmedia":[{"embeddable":true,"href":"https:\/\/four-pack.de\/fr\/wp-json\/wp\/v2\/media\/27564061"}],"wp:attachment":[{"href":"https:\/\/four-pack.de\/fr\/wp-json\/wp\/v2\/media?parent=27564072"}],"wp:term":[{"taxonomy":"dipi_cpt_category","embeddable":true,"href":"https:\/\/four-pack.de\/fr\/wp-json\/wp\/v2\/dipi_cpt_category?post=27564072"}],"curies":[{"name":"wp","href":"https:\/\/api.w.org\/{rel}","templated":true}]}}